{"id":355,"date":"2022-09-22T11:02:42","date_gmt":"2022-09-22T11:02:42","guid":{"rendered":"https:\/\/laventanaderuben.com\/?page_id=355"},"modified":"2024-01-16T17:40:54","modified_gmt":"2024-01-16T17:40:54","slug":"quien-soy","status":"publish","type":"page","link":"https:\/\/laventanaderuben.com\/index.php\/quien-soy\/","title":{"rendered":"Qui\u00e9n soy"},"content":{"rendered":"<p>[et_pb_section fb_built=\u00bb1&#8243; make_equal=\u00bbon\u00bb specialty=\u00bbon\u00bb background_color_2=\u00bb#141617&#8243; padding_top_1=\u00bb12vw\u00bb padding_right_2=\u00bb5vw\u00bb padding_bottom_1=\u00bb80px\u00bb padding_left_1=\u00bb10vw\u00bb padding_1_tablet=\u00bb40px||0px|\u00bb padding_1_phone=\u00bb\u00bb padding_1_last_edited=\u00bbon|tablet\u00bb admin_label=\u00bbHeader\u00bb _builder_version=\u00bb4.17.4&#8243; _module_preset=\u00bbdefault\u00bb background_color=\u00bb#000000&#8243; use_background_color_gradient=\u00bbon\u00bb background_color_gradient_stops=\u00bb#ff3d3d 0%|#fdb15b 100%\u00bb background_color_gradient_start=\u00bb#ffdb8b\u00bb background_color_gradient_end=\u00bb#fdb15b\u00bb inner_width=\u00bb100%\u00bb inner_max_width=\u00bb100%\u00bb min_height=\u00bb1679.7px\u00bb custom_margin=\u00bb||46px|||\u00bb custom_margin_tablet=\u00bb||0px\u00bb custom_margin_phone=\u00bb\u00bb custom_margin_last_edited=\u00bbon|desktop\u00bb custom_padding=\u00bb0px||0px||true\u00bb box_shadow_style=\u00bbpreset7&#8243; box_shadow_horizontal=\u00bb0px\u00bb box_shadow_vertical=\u00bb-80px\u00bb box_shadow_color=\u00bb#ffffff\u00bb locked=\u00bboff\u00bb global_colors_info=\u00bb{}\u00bb][et_pb_column type=\u00bb1_2&#8243; _builder_version=\u00bb4.16&#8243; _module_preset=\u00bbdefault\u00bb custom_padding=\u00bb|||\u00bb global_colors_info=\u00bb{}\u00bb custom_padding__hover=\u00bb|||\u00bb][et_pb_text _builder_version=\u00bb4.16&#8243; _module_preset=\u00bbdefault\u00bb text_font=\u00bbMontserrat||||||||\u00bb text_letter_spacing=\u00bb3px\u00bb header_font=\u00bbKarla|700|||||||\u00bb header_font_size=\u00bb10vw\u00bb header_letter_spacing=\u00bb-3px\u00bb header_line_height=\u00bb0.9em\u00bb header_2_font=\u00bbMontserrat|||on|||||\u00bb header_2_font_size=\u00bb24px\u00bb header_2_letter_spacing=\u00bb2px\u00bb header_2_line_height=\u00bb1.8em\u00bb background_layout=\u00bbdark\u00bb header_2_font_size_tablet=\u00bb14px\u00bb header_2_font_size_phone=\u00bb\u00bb header_2_font_size_last_edited=\u00bbon|tablet\u00bb global_colors_info=\u00bb{}\u00bb]<\/p>\n<h2>RUB\u00c9N GARC\u00cdA<\/h2>\n<h1>SOBREMI<\/h1>\n<p>&nbsp;<\/p>\n<p>[\/et_pb_text][et_pb_text _builder_version=\u00bb4.16&#8243; _module_preset=\u00bbdefault\u00bb text_font=\u00bb||||||||\u00bb text_font_size=\u00bb16px\u00bb text_line_height=\u00bb2em\u00bb background_layout=\u00bbdark\u00bb custom_margin=\u00bb||82px|||\u00bb custom_padding=\u00bb|0px|0px|||\u00bb locked=\u00bboff\u00bb global_colors_info=\u00bb{}\u00bb]<\/p>\n<p>Llevo dedic\u00e1ndome a esta profesi\u00f3n de crear im\u00e1genes y conceptos el tiempo suficiente como para saber con certeza que ser\u00e9 la persona capaz de contar la historia que necesitas, con gran profesionalidad. Mi formaci\u00f3n acad\u00e9mica se centra en Gr\u00e1fica Publicitaria, pero toda mi vida he estado ligado al mundo del dise\u00f1o, la ilustraci\u00f3n y la fotograf\u00eda, especializ\u00e1ndome en estos durante la \u00faltima d\u00e9cada.<\/p>\n<p>Me siento muy a gusto componiendo im\u00e1genes con la c\u00e1mara como recurso principal para dotarlas de una personalidad propia, utilizando medios digitales. Soy una persona inquieta y curiosa que disfruta aprendiendo y descubriendo nuevos caminos. Por ello, me gusta conocer a las personas con las que voy a trabajar para comprender qu\u00e9 es lo que quieren y necesitan transmitir.<\/p>\n<p>Utilizo la imagen gr\u00e1fica como instrumento para despertar la curiosidad, logrando que esta sea capaz de decidirte a dar el paso para querer conocer m\u00e1s. Si necesitas darle a tu empresa, negocio, productos o a ti mismo una imagen para visualizarte en redes, en tu web u otro medio, quiz\u00e1s podr\u00edamos hablar y llegar a un punto com\u00fan donde podamos reflejar y transmitir lo que deseas expresar.<\/p>\n<p>Puedes encontrarme aqu\u00ed o en mis redes sociales. \u00a1Estoy a tu disposici\u00f3n!<\/p>\n<p>[\/et_pb_text][et_pb_button button_text=\u00bbSaber m\u00e1s\u00bb _builder_version=\u00bb4.17.4&#8243; _module_preset=\u00bbdefault\u00bb custom_button=\u00bbon\u00bb button_text_color=\u00bb#000000&#8243; button_bg_color=\u00bb#FFFFFF\u00bb button_border_width=\u00bb0px\u00bb button_font=\u00bbABeeZee|700|||||||\u00bb global_colors_info=\u00bb{}\u00bb][\/et_pb_button][\/et_pb_column][et_pb_column type=\u00bb1_2&#8243; specialty_columns=\u00bb2&#8243; _builder_version=\u00bb4.16&#8243; _module_preset=\u00bbdefault\u00bb custom_padding=\u00bb|||\u00bb global_colors_info=\u00bb{}\u00bb custom_padding__hover=\u00bb|||\u00bb][et_pb_row_inner _builder_version=\u00bb4.16&#8243; _module_preset=\u00bbdefault\u00bb transform_scale_tablet=\u00bb\u00bb transform_scale_phone=\u00bb\u00bb transform_scale_last_edited=\u00bbon|desktop\u00bb transform_translate=\u00bb-50%|0px\u00bb transform_translate_tablet=\u00bb0%|-50%\u00bb transform_translate_phone=\u00bb\u00bb transform_translate_last_edited=\u00bbon|desktop\u00bb transform_translate_linked=\u00bboff\u00bb transform_rotate_tablet=\u00bb\u00bb transform_rotate_phone=\u00bb\u00bb transform_rotate_last_edited=\u00bbon|desktop\u00bb transform_skew_tablet=\u00bb\u00bb transform_skew_phone=\u00bb\u00bb transform_skew_last_edited=\u00bbon|desktop\u00bb transform_origin_tablet=\u00bb\u00bb transform_origin_phone=\u00bb\u00bb transform_origin_last_edited=\u00bbon|desktop\u00bb transform_styles_last_edited=\u00bbon|desktop\u00bb width=\u00bb150%\u00bb width_tablet=\u00bb\u00bb width_phone=\u00bb\u00bb width_last_edited=\u00bbon|tablet\u00bb custom_margin=\u00bb||170px|||\u00bb custom_margin_tablet=\u00bb||0px\u00bb custom_margin_phone=\u00bb\u00bb custom_margin_last_edited=\u00bbon|desktop\u00bb custom_padding=\u00bb0px||0px|||\u00bb transform_styles_tablet=\u00bb\u00bb transform_styles_phone=\u00bb\u00bb global_colors_info=\u00bb{}\u00bb][et_pb_column_inner saved_specialty_column_type=\u00bb1_2&#8243; _builder_version=\u00bb4.16&#8243; _module_preset=\u00bbdefault\u00bb custom_padding=\u00bb|||\u00bb global_colors_info=\u00bb{}\u00bb custom_padding__hover=\u00bb|||\u00bb][\/et_pb_column_inner][\/et_pb_row_inner][et_pb_row_inner _builder_version=\u00bb4.16&#8243; _module_preset=\u00bbdefault\u00bb use_background_color_gradient=\u00bbon\u00bb background_color_gradient_direction=\u00bb162deg\u00bb background_color_gradient_stops=\u00bb#fd7b5b 0%|#a92200 100%\u00bb background_color_gradient_start=\u00bb#fd7b5b\u00bb background_color_gradient_end=\u00bb#a92200&#8243; max_width_tablet=\u00bb500px\u00bb max_width_phone=\u00bb400px\u00bb max_width_last_edited=\u00bbon|phone\u00bb custom_margin=\u00bb80px|||\u00bb custom_padding=\u00bb0px|0px|0px|||\u00bb global_colors_info=\u00bb{}\u00bb][et_pb_column_inner saved_specialty_column_type=\u00bb1_2&#8243; _builder_version=\u00bb4.16&#8243; _module_preset=\u00bbdefault\u00bb custom_padding=\u00bb|||\u00bb global_colors_info=\u00bb{}\u00bb custom_padding__hover=\u00bb|||\u00bb][et_pb_image src=\u00bbhttps:\/\/laventanaderuben.com\/wp-content\/uploads\/2022\/09\/IMG_20220217_174824-scaled.jpg\u00bb title_text=\u00bbIMG_20220217_174824&#8243; force_fullwidth=\u00bbon\u00bb align_tablet=\u00bbcenter\u00bb align_phone=\u00bbcenter\u00bb align_last_edited=\u00bbon|desktop\u00bb _builder_version=\u00bb4.17.4&#8243; _module_preset=\u00bbdefault\u00bb background_image=\u00bbhttps:\/\/laventanaderuben.com\/wp-content\/uploads\/2022\/09\/actor-01.png\u00bb background_size=\u00bbinitial\u00bb background_position=\u00bbbottom_right\u00bb custom_margin=\u00bb-80px||-150px|||\u00bb custom_margin_tablet=\u00bb||0px\u00bb custom_margin_phone=\u00bb\u00bb custom_margin_last_edited=\u00bbon|desktop\u00bb custom_padding=\u00bb|40px|80px|||\u00bb custom_padding_tablet=\u00bb||\u00bb custom_padding_phone=\u00bb\u00bb custom_padding_last_edited=\u00bbon|desktop\u00bb box_shadow_style=\u00bbpreset1&#8243; box_shadow_vertical=\u00bb64px\u00bb box_shadow_blur=\u00bb64px\u00bb box_shadow_spread=\u00bb-12px\u00bb box_shadow_color=\u00bbrgba(20,22,23,0.59)\u00bb global_colors_info=\u00bb{}\u00bb][\/et_pb_image][et_pb_social_media_follow _builder_version=\u00bb4.17.4&#8243; _module_preset=\u00bbdefault\u00bb background_color=\u00bb#141617&#8243; transform_scale_tablet=\u00bb\u00bb transform_scale_phone=\u00bb\u00bb transform_scale_last_edited=\u00bbon|desktop\u00bb transform_translate=\u00bb-100%|-90%\u00bb transform_translate_tablet=\u00bb0%|0%\u00bb transform_translate_phone=\u00bb\u00bb transform_translate_last_edited=\u00bbon|desktop\u00bb transform_translate_linked=\u00bboff\u00bb transform_rotate_tablet=\u00bb\u00bb transform_rotate_phone=\u00bb\u00bb transform_rotate_last_edited=\u00bbon|desktop\u00bb transform_skew_tablet=\u00bb\u00bb transform_skew_phone=\u00bb\u00bb transform_skew_last_edited=\u00bbon|desktop\u00bb transform_origin_tablet=\u00bb\u00bb transform_origin_phone=\u00bb\u00bb transform_origin_last_edited=\u00bbon|desktop\u00bb transform_styles_last_edited=\u00bbon|desktop\u00bb width=\u00bb56px\u00bb width_tablet=\u00bb100%\u00bb width_phone=\u00bb\u00bb width_last_edited=\u00bbon|desktop\u00bb max_width_last_edited=\u00bboff|tablet\u00bb custom_margin=\u00bb||-200px|\u00bb custom_margin_tablet=\u00bb|0%|0px|\u00bb custom_margin_phone=\u00bb\u00bb custom_margin_last_edited=\u00bbon|desktop\u00bb hover_enabled=\u00bb0&#8243; transform_styles_tablet=\u00bb\u00bb transform_styles_phone=\u00bb\u00bb global_colors_info=\u00bb{}\u00bb sticky_enabled=\u00bb0&#8243;][et_pb_social_media_follow_network social_network=\u00bbinstagram\u00bb _builder_version=\u00bb4.17.4&#8243; _module_preset=\u00bbdefault\u00bb background_color=\u00bbrgba(0,0,0,0)\u00bb custom_margin=\u00bb0px|0px|0px|0px|true|true\u00bb custom_padding=\u00bb12px|12px|12px|12px|true|true\u00bb hover_enabled=\u00bb0&#8243; global_colors_info=\u00bb{}\u00bb follow_button=\u00bboff\u00bb url_new_window=\u00bbon\u00bb url=\u00bbhttps:\/\/www.instagram.com\/laventanaderu\/\u00bb sticky_enabled=\u00bb0&#8243;]instagram[\/et_pb_social_media_follow_network][et_pb_social_media_follow_network social_network=\u00bblinkedin\u00bb _builder_version=\u00bb4.17.4&#8243; _module_preset=\u00bbdefault\u00bb background_color=\u00bbrgba(0,0,0,0)\u00bb custom_margin=\u00bb0px|0px|0px|0px|true|true\u00bb custom_padding=\u00bb12px|12px|12px|12px|true|true\u00bb hover_enabled=\u00bb0&#8243; global_colors_info=\u00bb{}\u00bb follow_button=\u00bboff\u00bb url_new_window=\u00bbon\u00bb url=\u00bbhttps:\/\/www.linkedin.com\/in\/rubendi\/\u00bb sticky_enabled=\u00bb0&#8243;]linkedin[\/et_pb_social_media_follow_network][\/et_pb_social_media_follow][\/et_pb_column_inner][\/et_pb_row_inner][\/et_pb_column][\/et_pb_section]<\/p>\n","protected":false},"excerpt":{"rendered":"<p>RUB\u00c9N GARC\u00cdA SOBREMI &nbsp;Llevo dedic\u00e1ndome a esta profesi\u00f3n de crear im\u00e1genes y conceptos el tiempo suficiente como para saber con certeza que ser\u00e9 la persona capaz de contar la historia que necesitas, con gran profesionalidad. Mi formaci\u00f3n acad\u00e9mica se centra en Gr\u00e1fica Publicitaria, pero toda mi vida he estado ligado al mundo del dise\u00f1o, la [&hellip;]<\/p>\n","protected":false},"author":1,"featured_media":0,"parent":0,"menu_order":0,"comment_status":"closed","ping_status":"closed","template":"","meta":{"_et_pb_use_builder":"on","_et_pb_old_content":"","_et_gb_content_width":"","footnotes":""},"class_list":["post-355","page","type-page","status-publish","hentry"],"_links":{"self":[{"href":"https:\/\/laventanaderuben.com\/index.php\/wp-json\/wp\/v2\/pages\/355","targetHints":{"allow":["GET"]}}],"collection":[{"href":"https:\/\/laventanaderuben.com\/index.php\/wp-json\/wp\/v2\/pages"}],"about":[{"href":"https:\/\/laventanaderuben.com\/index.php\/wp-json\/wp\/v2\/types\/page"}],"author":[{"embeddable":true,"href":"https:\/\/laventanaderuben.com\/index.php\/wp-json\/wp\/v2\/users\/1"}],"replies":[{"embeddable":true,"href":"https:\/\/laventanaderuben.com\/index.php\/wp-json\/wp\/v2\/comments?post=355"}],"version-history":[{"count":14,"href":"https:\/\/laventanaderuben.com\/index.php\/wp-json\/wp\/v2\/pages\/355\/revisions"}],"predecessor-version":[{"id":603,"href":"https:\/\/laventanaderuben.com\/index.php\/wp-json\/wp\/v2\/pages\/355\/revisions\/603"}],"wp:attachment":[{"href":"https:\/\/laventanaderuben.com\/index.php\/wp-json\/wp\/v2\/media?parent=355"}],"curies":[{"name":"wp","href":"https:\/\/api.w.org\/{rel}","templated":true}]}}